{"id":1047,"date":"2021-01-19T18:04:39","date_gmt":"2021-01-19T18:04:39","guid":{"rendered":"https:\/\/honey-scarheart.com\/?page_id=1047"},"modified":"2023-08-30T21:05:33","modified_gmt":"2023-08-30T21:05:33","slug":"corona","status":"publish","type":"page","link":"https:\/\/honey-scarheart.com\/?page_id=1047","title":{"rendered":"Corona"},"content":{"rendered":"<p>[vc_section][vc_row full_width=&#8220;stretch_row&#8220; full_height=&#8220;yes&#8220; columns_placement=&#8220;bottom&#8220; css=&#8220;.vc_custom_1601917055863{background-size: cover; background-position: top; max-height: 90vh}&#8220;][vc_column width=&#8220;5\/6&#8243; offset=&#8220;vc_col-lg-offset-1 vc_col-lg-10 vc_col-md-offset-2 vc_col-md-10 vc_col-sm-offset-2 vc_col-xs-offset-2 vc_col-xs-10&#8243; el_class=&#8220;contactbox&#8220;][vc_column_text]<\/p>\n<h1 style=\"text-align: center;\">WICHTIGES ZUR CORONA PANDEMIE<\/h1>\n<p>[vc_separator]<br \/>\n[\/vc_column_text][vc_row_inner css=&#8220;.vc_custom_1611083830694{margin-top: 0px !important;margin-bottom: 0px !important;padding-top: 0px !important;padding-right: 0px !important;padding-bottom: 0px !important;padding-left: 0px !important;}&#8220; el_class=&#8220;iconrow&#8220;][vc_column_inner el_class=&#8220;iconblock&#8220; width=&#8220;1\/3&#8243; css=&#8220;.vc_custom_1611083503369{padding-top: 0px !important;padding-bottom: 0px !important;}&#8220;][vc_column_text el_class=&#8220;coronaicontext&#8220;]<img loading=\"lazy\" decoding=\"async\" class=\"coronaimg alignnone wp-image-1060 size-thumbnail aligncenter\" src=\"https:\/\/honey-scarheart.com\/wp-content\/uploads\/2021\/01\/icon_alone-150x150.png\" alt=\"\" width=\"150\" height=\"150\" \/><\/p>\n<p style=\"text-align: center;\">Ihr d\u00fcrft keine Begleitpersonen mitbringen damit wir die Anzahl an Personen im Studio m\u00f6glichst geringhalten k\u00f6nnen.<\/p>\n<p>[\/vc_column_text][\/vc_column_inner][vc_column_inner el_class=&#8220;iconblock&#8220; width=&#8220;1\/3&#8243;][vc_column_text el_class=&#8220;coronaicontext&#8220;]<img loading=\"lazy\" decoding=\"async\" class=\"coronaimg alignnone wp-image-1063 size-thumbnail aligncenter\" src=\"https:\/\/honey-scarheart.com\/wp-content\/uploads\/2021\/01\/icon_home-150x150.png\" alt=\"\" width=\"150\" height=\"150\" \/><\/p>\n<p style=\"text-align: center;\">Falls ihr euch krank f\u00fchlt und\/oder ihr mit erkrankten Personen Kontakt hattet, scheut euch bitte nicht einfach den Termin zu verschieben.<\/p>\n<p>[\/vc_column_text][\/vc_column_inner][vc_column_inner el_class=&#8220;iconblock&#8220; width=&#8220;1\/3&#8243;][vc_column_text el_class=&#8220;coronaicontext&#8220;]<img loading=\"lazy\" decoding=\"async\" class=\"coronaimg alignnone wp-image-1065 size-thumbnail aligncenter\" src=\"https:\/\/honey-scarheart.com\/wp-content\/uploads\/2021\/01\/icon_wash-150x150.png\" alt=\"\" width=\"150\" height=\"150\" \/><\/p>\n<p style=\"text-align: center;\">Wascht euch regelm\u00e4\u00dfig die H\u00e4nde. Wir haben stets flie\u00dfend Wasser, Seife und Desinfektionsmittel da mit dem Ihr euch die H\u00e4nde desinfizieren k\u00f6nnt.<\/p>\n<p>[\/vc_column_text][\/vc_column_inner][\/vc_row_inner][vc_row_inner css=&#8220;.vc_custom_1611083834769{margin-top: 0px !important;margin-bottom: 0px !important;padding-top: 0px !important;padding-right: 0px !important;padding-bottom: 0px !important;padding-left: 0px !important;}&#8220; el_class=&#8220;iconrow&#8220;][vc_column_inner el_class=&#8220;iconblock&#8220; width=&#8220;1\/3&#8243;][vc_column_text el_class=&#8220;coronaicontext&#8220;]<img loading=\"lazy\" decoding=\"async\" class=\"coronaimg alignnone wp-image-1064 size-thumbnail aligncenter\" src=\"https:\/\/honey-scarheart.com\/wp-content\/uploads\/2021\/01\/icon_mask-150x150.png\" alt=\"\" width=\"150\" height=\"150\" \/><\/p>\n<p style=\"text-align: center;\">Zutritt zum Studio habt Ihr nach wie vor nur mit Mund-Nasen-Schutz.<\/p>\n<p>[\/vc_column_text][\/vc_column_inner][vc_column_inner el_class=&#8220;iconblock&#8220; width=&#8220;1\/3&#8243;][vc_column_text el_class=&#8220;coronaicontext&#8220;]<img loading=\"lazy\" decoding=\"async\" class=\"coronaimg alignnone wp-image-1062 size-thumbnail aligncenter\" src=\"https:\/\/honey-scarheart.com\/wp-content\/uploads\/2021\/01\/icon_handshake-150x150.png\" alt=\"\" width=\"150\" height=\"150\" \/><\/p>\n<p style=\"text-align: center;\">Wir verzichten im Studio w\u00e4hrend der Pandemie auch auf H\u00e4ndedruck oder Umarmungen. <i class=\"fas fa-smile-wink\"><\/i><\/p>\n<p>[\/vc_column_text][\/vc_column_inner][vc_column_inner el_class=&#8220;iconblock&#8220; width=&#8220;1\/3&#8243;][vc_column_text el_class=&#8220;coronaicontext&#8220;]<img loading=\"lazy\" decoding=\"async\" class=\"coronaimg alignnone wp-image-1061 size-thumbnail aligncenter\" src=\"https:\/\/honey-scarheart.com\/wp-content\/uploads\/2021\/01\/icon_distance-150x150.png\" alt=\"\" width=\"150\" height=\"150\" \/><\/p>\n<p style=\"text-align: center;\">Bitte beachtet den Mindestabstand zu eurer Nebenperson so gut es geht.<\/p>\n<p>[\/vc_column_text][\/vc_column_inner][\/vc_row_inner][vc_column_text]<\/p>\n<h1 style=\"text-align: center;\">INFOS ZU TERMINEN<\/h1>\n<p>[vc_separator]<\/p>\n<ul>\n<li>Sollten Wir einen Termin wegen eines Lockdowns verschieben m\u00fcssen werdet Ihr von mir per E-Mail oder Telefon kontaktiert. Bringt etwas Geduld mit, oft sind es n\u00e4mlich Kunden aus 3 Monaten die gleichzeitig verlegt werden m\u00fcssen.<\/li>\n<li>Zus\u00e4tzlich werde ich alle Updates stets auf meiner Instagram-Plattform ver\u00f6ffentlichen.<\/li>\n<\/ul>\n<p>[\/vc_column_text][\/vc_column][\/vc_row][\/vc_section]<\/p>\n","protected":false},"excerpt":{"rendered":"<p>[vc_section][vc_row full_width=&#8220;stretch_row&#8220; full_height=&#8220;yes&#8220; columns_placement=&#8220;bottom&#8220; css=&#8220;.vc_custom_1601917055863{background-size: cover; background-position: top; max-height: 90vh}&#8220;][vc_column width=&#8220;5\/6&#8243; offset=&#8220;vc_col-lg-offset-1 vc_col-lg-10 vc_col-md-offset-2 vc_col-md-10 vc_col-sm-offset-2 vc_col-xs-offset-2 vc_col-xs-10&#8243; el_class=&#8220;contactbox&#8220;][vc_column_text] WICHTIGES ZUR CORONA PANDEMIE [vc_separator] [\/vc_column_text][vc_row_inner css=&#8220;.vc_custom_1611083830694{margin-top: 0px !important;margin-bottom: 0px !important;padding-top: 0px !important;padding-right: 0px !important;padding-bottom: 0px !important;padding-left: 0px !important;}&#8220; el_class=&#8220;iconrow&#8220;][vc_column_inner el_class=&#8220;iconblock&#8220; width=&#8220;1\/3&#8243; css=&#8220;.vc_custom_1611083503369{padding-top: 0px !important;padding-bottom: 0px !important;}&#8220;][vc_column_text el_class=&#8220;coronaicontext&#8220;] Ihr d\u00fcrft keine Begleitpersonen mitbringen damit wir die [&hellip;]<\/p>\n","protected":false},"author":1,"featured_media":0,"parent":0,"menu_order":0,"comment_status":"closed","ping_status":"closed","template":"","meta":{"footnotes":""},"_links":{"self":[{"href":"https:\/\/honey-scarheart.com\/index.php?rest_route=\/wp\/v2\/pages\/1047"}],"collection":[{"href":"https:\/\/honey-scarheart.com\/index.php?rest_route=\/wp\/v2\/pages"}],"about":[{"href":"https:\/\/honey-scarheart.com\/index.php?rest_route=\/wp\/v2\/types\/page"}],"author":[{"embeddable":true,"href":"https:\/\/honey-scarheart.com\/index.php?rest_route=\/wp\/v2\/users\/1"}],"replies":[{"embeddable":true,"href":"https:\/\/honey-scarheart.com\/index.php?rest_route=%2Fwp%2Fv2%2Fcomments&post=1047"}],"version-history":[{"count":35,"href":"https:\/\/honey-scarheart.com\/index.php?rest_route=\/wp\/v2\/pages\/1047\/revisions"}],"predecessor-version":[{"id":1519,"href":"https:\/\/honey-scarheart.com\/index.php?rest_route=\/wp\/v2\/pages\/1047\/revisions\/1519"}],"wp:attachment":[{"href":"https:\/\/honey-scarheart.com\/index.php?rest_route=%2Fwp%2Fv2%2Fmedia&parent=1047"}],"curies":[{"name":"wp","href":"https:\/\/api.w.org\/{rel}","templated":true}]}}