{"id":1609,"date":"2024-04-19T18:07:11","date_gmt":"2024-04-19T18:07:11","guid":{"rendered":"https:\/\/honey-scarheart.com\/?page_id=1609"},"modified":"2024-04-19T18:39:54","modified_gmt":"2024-04-19T18:39:54","slug":"1609-2","status":"publish","type":"page","link":"https:\/\/honey-scarheart.com\/?page_id=1609","title":{"rendered":"Datenschutzverordnung"},"content":{"rendered":"<p>[vc_section][vc_row full_width=&#8220;stretch_row&#8220; full_height=&#8220;yes&#8220; columns_placement=&#8220;bottom&#8220; css=&#8220;.vc_custom_1601917055863{background-size: cover; background-position: top; max-height: 90vh}&#8220;][vc_column width=&#8220;5\/6&#8243; offset=&#8220;vc_col-lg-offset-1 vc_col-lg-10 vc_col-md-offset-2 vc_col-md-10 vc_col-sm-offset-2 vc_col-xs-offset-2 vc_col-xs-10&#8243; el_class=&#8220;contactbox&#8220;][vc_column_text]<\/p>\n<h1 style=\"text-align: center;\">Datenschutz<\/h1>\n<p>[vc_separator]<\/p>\n<p>Verantwortlicher im Sinne der Datenschutz-Grundverordnung (DSGVO) f\u00fcr diese Webseite ist Anne Lina Toth, Guldeinstra\u00dfe 36, 80339 M\u00fcnchen. Wenn Sie Fragen zu dieser Datenschutzerkl\u00e4rung oder zur Verarbeitung Ihrer personenbezogenen Daten haben, k\u00f6nnen Sie uns unter tattoo@honey-scarheart.com erreichen.<\/p>\n<p>Zwecke der Verarbeitung personenbezogener Daten<\/p>\n<p>Wir verarbeiten die von Ihnen im Kontaktformular eingegebenen personenbezogenen Daten ausschlie\u00dflich f\u00fcr die Beantwortung Ihrer Anfrage. Die Daten werden nicht f\u00fcr andere Zwecke genutzt und nicht an Dritte weitergegeben, es sei denn, dies ist gesetzlich vorgeschrieben oder zur Bearbeitung Ihrer Anfrage erforderlich.<\/p>\n<p>Rechtsgrundlage f\u00fcr die Verarbeitung personenbezogener Daten<\/p>\n<p>Die Verarbeitung Ihrer personenbezogenen Daten erfolgt aufgrund Ihrer Einwilligung (Art. 6 Abs. 1 lit. a DSGVO). Sie haben das Recht, diese Einwilligung jederzeit zu widerrufen.<\/p>\n<p>Dauer der Speicherung personenbezogener Daten<\/p>\n<p>Die von Ihnen im Kontaktformular eingegebenen personenbezogenen Daten werden nur so lange gespeichert, wie dies f\u00fcr die Bearbeitung Ihrer Anfrage erforderlich ist. Danach werden sie gel\u00f6scht.<\/p>\n<p>Rechte der betroffenen Person<\/p>\n<p>Sie haben das Recht auf Auskunft \u00fcber die von uns zu Ihrer Person gespeicherten Daten, auf Berichtigung unrichtiger Daten, auf L\u00f6schung Ihrer Daten, auf Einschr\u00e4nkung der Verarbeitung sowie auf Daten\u00fcbertragbarkeit. Sie haben das Recht, jederzeit Ihre Einwilligung zur Verarbeitung Ihrer personenbezogenen Daten zu widerrufen. Sie haben das Recht, sich bei einer Datenschutzbeh\u00f6rde \u00fcber die Verarbeitung Ihrer personenbezogenen Daten durch uns zu beschweren.<\/p>\n<p>Einsatz von Cookies<\/p>\n<p>Diese Webseite verwendet keine Cookies.<\/p>\n<p>Sicherheit der Daten\u00fcbertragung<\/p>\n<p>Die \u00dcbertragung Ihrer personenbezogenen Daten erfolgt verschl\u00fcsselt, um eine unbefugte Kenntnisnahme durch Dritte zu verhindern.<\/p>\n<p>Stand und Aktualisierung dieser Datenschutzerkl\u00e4rung<\/p>\n<p>Diese Datenschutzerkl\u00e4rung hat den Stand 10.03.2023. Wir behalten uns das Recht vor, diese Datenschutzerkl\u00e4rung jederzeit mit Wirkung f\u00fcr die Zukunft zu \u00e4ndern, insbesondere um sie an \u00c4nderungen der rechtlichen Rahmenbedingungen anzupassen. Die jeweils aktuelle Datenschutzerkl\u00e4rung kann jederzeit auf dieser Webseite abgerufen werden.<\/p>\n<p>[\/vc_column_text][\/vc_column][\/vc_row][\/vc_section]<\/p>\n","protected":false},"excerpt":{"rendered":"<p>[vc_section][vc_row full_width=&#8220;stretch_row&#8220; full_height=&#8220;yes&#8220; columns_placement=&#8220;bottom&#8220; css=&#8220;.vc_custom_1601917055863{background-size: cover; background-position: top; max-height: 90vh}&#8220;][vc_column width=&#8220;5\/6&#8243; offset=&#8220;vc_col-lg-offset-1 vc_col-lg-10 vc_col-md-offset-2 vc_col-md-10 vc_col-sm-offset-2 vc_col-xs-offset-2 vc_col-xs-10&#8243; el_class=&#8220;contactbox&#8220;][vc_column_text] Datenschutz [vc_separator] Verantwortlicher im Sinne der Datenschutz-Grundverordnung (DSGVO) f\u00fcr diese Webseite ist Anne Lina Toth, Guldeinstra\u00dfe 36, 80339 M\u00fcnchen. Wenn Sie Fragen zu dieser Datenschutzerkl\u00e4rung oder zur Verarbeitung Ihrer personenbezogenen Daten haben, k\u00f6nnen Sie uns unter [&hellip;]<\/p>\n","protected":false},"author":1,"featured_media":0,"parent":0,"menu_order":0,"comment_status":"closed","ping_status":"closed","template":"","meta":{"footnotes":""},"_links":{"self":[{"href":"https:\/\/honey-scarheart.com\/index.php?rest_route=\/wp\/v2\/pages\/1609"}],"collection":[{"href":"https:\/\/honey-scarheart.com\/index.php?rest_route=\/wp\/v2\/pages"}],"about":[{"href":"https:\/\/honey-scarheart.com\/index.php?rest_route=\/wp\/v2\/types\/page"}],"author":[{"embeddable":true,"href":"https:\/\/honey-scarheart.com\/index.php?rest_route=\/wp\/v2\/users\/1"}],"replies":[{"embeddable":true,"href":"https:\/\/honey-scarheart.com\/index.php?rest_route=%2Fwp%2Fv2%2Fcomments&post=1609"}],"version-history":[{"count":2,"href":"https:\/\/honey-scarheart.com\/index.php?rest_route=\/wp\/v2\/pages\/1609\/revisions"}],"predecessor-version":[{"id":1621,"href":"https:\/\/honey-scarheart.com\/index.php?rest_route=\/wp\/v2\/pages\/1609\/revisions\/1621"}],"wp:attachment":[{"href":"https:\/\/honey-scarheart.com\/index.php?rest_route=%2Fwp%2Fv2%2Fmedia&parent=1609"}],"curies":[{"name":"wp","href":"https:\/\/api.w.org\/{rel}","templated":true}]}}