{"id":21,"date":"2020-08-15T13:37:00","date_gmt":"2020-08-15T13:37:00","guid":{"rendered":"https:\/\/honey-scarheart.com\/?page_id=21"},"modified":"2025-01-03T21:35:39","modified_gmt":"2025-01-03T21:35:39","slug":"myself","status":"publish","type":"page","link":"https:\/\/honey-scarheart.com\/?page_id=21","title":{"rendered":"About Me"},"content":{"rendered":"<p>[vc_section][vc_row full_width=&#8220;stretch_row&#8220; full_height=&#8220;yes&#8220; columns_placement=&#8220;bottom&#8220; css=&#8220;.vc_custom_1601917055863{background-size: cover; background-position: top; max-height: 100vh}&#8220;][vc_column width=&#8220;5\/6&#8243; offset=&#8220;vc_col-lg-offset-1 vc_col-lg-10 vc_col-md-offset-2 vc_col-md-10 vc_col-sm-offset-2 vc_col-xs-offset-2 vc_col-xs-10&#8243; el_class=&#8220;faqbox&#8220;]<img loading=\"lazy\" decoding=\"async\" src=\"https:\/\/honey-scarheart.com\/wp-content\/uploads\/2025\/01\/hexe_mitdoppelrand_final-1.webp\" alt=\"\" width=\"1920\" height=\"737\" class=\"aligncenter size-full wp-image-1643\" srcset=\"https:\/\/honey-scarheart.com\/wp-content\/uploads\/2025\/01\/hexe_mitdoppelrand_final-1.webp 1920w, https:\/\/honey-scarheart.com\/wp-content\/uploads\/2025\/01\/hexe_mitdoppelrand_final-1-300x115.webp 300w, https:\/\/honey-scarheart.com\/wp-content\/uploads\/2025\/01\/hexe_mitdoppelrand_final-1-1024x393.webp 1024w, https:\/\/honey-scarheart.com\/wp-content\/uploads\/2025\/01\/hexe_mitdoppelrand_final-1-768x295.webp 768w, https:\/\/honey-scarheart.com\/wp-content\/uploads\/2025\/01\/hexe_mitdoppelrand_final-1-1536x590.webp 1536w\" sizes=\"(max-width: 1920px) 100vw, 1920px\" \/><\/p>\n<h1 style=\"text-align: center;\">ABOUT ME<\/h1>\n<p>[vc_separator][vc_toggle title=&#8220;Jonathan Davis, Marilyn Manson &#038; Lil Peep&#8220;]K\u00fcnstler, die mich im Leben bewegt haben, lasse ich gerne auf meiner Haut verewigen<\/p>\n<p>[\/vc_toggle][vc_toggle title=&#8220;1991&#8243;]Ganz genau&#8230; Vengaboys, Eurodance und Gangsta&#8217;s Paradise. Das World Wide Web wurde 1991 der breiten \u00d6ffentlichkeit zug\u00e4nglich gemacht, Nirvana brachten &#8222;Nevermind&#8220; auf den Markt und S\u00fcdafrika schaffte das letzte Apartheid-Gesetz ab.[\/vc_toggle][vc_toggle title=&#8220;Halloweenfreak&#8220;]Halloween ist der beste Tag des Jahres. Ich schnitze jedes Jahr flei\u00dfig K\u00fcrbisse, schmei\u00dfe eine Motto-Party und schaue Hocus Pocus.<\/p>\n<p>Zudem habt Ihr hier mein Rezept f\u00fcr Pumpkin Spice Latte:<\/p>\n<p><img loading=\"lazy\" decoding=\"async\" src=\"https:\/\/honey-scarheart.com\/wp-content\/uploads\/2025\/01\/pumpkinspicelatte-copy2_ohne-rand-1.webp\" alt=\"\" width=\"1024\" height=\"446\" class=\"aligncenter size-full wp-image-1644\" srcset=\"https:\/\/honey-scarheart.com\/wp-content\/uploads\/2025\/01\/pumpkinspicelatte-copy2_ohne-rand-1.webp 1024w, https:\/\/honey-scarheart.com\/wp-content\/uploads\/2025\/01\/pumpkinspicelatte-copy2_ohne-rand-1-300x131.webp 300w, https:\/\/honey-scarheart.com\/wp-content\/uploads\/2025\/01\/pumpkinspicelatte-copy2_ohne-rand-1-768x335.webp 768w\" sizes=\"(max-width: 1024px) 100vw, 1024px\" \/><\/p>\n<li>1 Tasse Milch (Ich bevorzuge Oatly Hafermilch Barista Edition)<\/li>\n<li>K\u00fcrbis P\u00fcree (Hokkaido K\u00fcrbis sch\u00e4len, in St\u00fccke schneiden, weichkochen)<\/li>\n<li>etwas Zimt<\/li>\n<li>frischer Ingwer<\/li>\n<li>Prise Muskatnuss<\/li>\n<li>Honig<\/li>\n<p><\/br><br \/>\nSchritte<br \/>\n1. Alle Zutaten in einen Topf geben<br \/>\n2. F\u00fcr 10 Minuten bei niedriger Hitze k\u00f6cheln<br \/>\n3. Dann alles durch ein feines Sieb laufen lassen<br \/>\n4. Die entstandene K\u00fcrbismilch zum Kaffee geben.<\/p>\n<p>[\/vc_toggle][vc_toggle title=&#8220;Kokosnuss&#8220;]Kokosnussduft, Kokoswasser, Kokosnuss pur, Kokosbutter, Kokos\u00f6l, Kokosraspel. Genial.[\/vc_toggle][\/vc_column][\/vc_row][\/vc_section]<\/p>\n","protected":false},"excerpt":{"rendered":"<p>[vc_section][vc_row full_width=&#8220;stretch_row&#8220; full_height=&#8220;yes&#8220; columns_placement=&#8220;bottom&#8220; css=&#8220;.vc_custom_1601917055863{background-size: cover; background-position: top; max-height: 100vh}&#8220;][vc_column width=&#8220;5\/6&#8243; offset=&#8220;vc_col-lg-offset-1 vc_col-lg-10 vc_col-md-offset-2 vc_col-md-10 vc_col-sm-offset-2 vc_col-xs-offset-2 vc_col-xs-10&#8243; el_class=&#8220;faqbox&#8220;] ABOUT ME [vc_separator][vc_toggle title=&#8220;Jonathan Davis, Marilyn Manson &#038; Lil Peep&#8220;]K\u00fcnstler, die mich im Leben bewegt haben, lasse ich gerne auf meiner Haut verewigen [\/vc_toggle][vc_toggle title=&#8220;1991&#8243;]Ganz genau&#8230; Vengaboys, Eurodance und Gangsta&#8217;s Paradise. Das World Wide Web wurde [&hellip;]<\/p>\n","protected":false},"author":1,"featured_media":0,"parent":0,"menu_order":0,"comment_status":"closed","ping_status":"closed","template":"","meta":{"footnotes":""},"_links":{"self":[{"href":"https:\/\/honey-scarheart.com\/index.php?rest_route=\/wp\/v2\/pages\/21"}],"collection":[{"href":"https:\/\/honey-scarheart.com\/index.php?rest_route=\/wp\/v2\/pages"}],"about":[{"href":"https:\/\/honey-scarheart.com\/index.php?rest_route=\/wp\/v2\/types\/page"}],"author":[{"embeddable":true,"href":"https:\/\/honey-scarheart.com\/index.php?rest_route=\/wp\/v2\/users\/1"}],"replies":[{"embeddable":true,"href":"https:\/\/honey-scarheart.com\/index.php?rest_route=%2Fwp%2Fv2%2Fcomments&post=21"}],"version-history":[{"count":83,"href":"https:\/\/honey-scarheart.com\/index.php?rest_route=\/wp\/v2\/pages\/21\/revisions"}],"predecessor-version":[{"id":1645,"href":"https:\/\/honey-scarheart.com\/index.php?rest_route=\/wp\/v2\/pages\/21\/revisions\/1645"}],"wp:attachment":[{"href":"https:\/\/honey-scarheart.com\/index.php?rest_route=%2Fwp%2Fv2%2Fmedia&parent=21"}],"curies":[{"name":"wp","href":"https:\/\/api.w.org\/{rel}","templated":true}]}}