{"id":639,"date":"2020-10-13T18:52:01","date_gmt":"2020-10-13T18:52:01","guid":{"rendered":"https:\/\/honey-scarheart.com\/?page_id=639"},"modified":"2026-03-01T13:35:08","modified_gmt":"2026-03-01T13:35:08","slug":"faq","status":"publish","type":"page","link":"https:\/\/honey-scarheart.com\/?page_id=639","title":{"rendered":"FAQ"},"content":{"rendered":"<p>[vc_section][vc_row full_width=&#8220;stretch_row&#8220; full_height=&#8220;yes&#8220; columns_placement=&#8220;bottom&#8220; css=&#8220;.vc_custom_1601917055863{background-size: cover; background-position: top; max-height: 100vh}&#8220;][vc_column width=&#8220;5\/6&#8243; offset=&#8220;vc_col-lg-offset-1 vc_col-lg-10 vc_col-md-offset-2 vc_col-md-10 vc_col-sm-offset-2 vc_col-xs-offset-2 vc_col-xs-10&#8243; el_class=&#8220;faqbox&#8220;]<img loading=\"lazy\" decoding=\"async\" src=\"https:\/\/honey-scarheart.com\/wp-content\/uploads\/2025\/01\/neuesBild_mitrand_final.webp\" alt=\"\" width=\"1920\" height=\"737\" class=\"aligncenter size-full wp-image-1650\" srcset=\"https:\/\/honey-scarheart.com\/wp-content\/uploads\/2025\/01\/neuesBild_mitrand_final.webp 1920w, https:\/\/honey-scarheart.com\/wp-content\/uploads\/2025\/01\/neuesBild_mitrand_final-300x115.webp 300w, https:\/\/honey-scarheart.com\/wp-content\/uploads\/2025\/01\/neuesBild_mitrand_final-1024x393.webp 1024w, https:\/\/honey-scarheart.com\/wp-content\/uploads\/2025\/01\/neuesBild_mitrand_final-768x295.webp 768w, https:\/\/honey-scarheart.com\/wp-content\/uploads\/2025\/01\/neuesBild_mitrand_final-1536x590.webp 1536w\" sizes=\"(max-width: 1920px) 100vw, 1920px\" \/><\/p>\n<p><h1 style=\"text-align: center;\">FAQ<\/h1>\n<p>[vc_separator][vc_column_text][vc_toggle title=&#8220;Wie mache ich einen Termin aus ?&#8220;]Am Besten vereinbaren wir erstmal ein Vorgespr\u00e4ch via E-Mail unter (<a href=\"mailto:tattoo@honey-scarheart.com\">tattoo@honey-scarheart.com<\/a>), per DM auf Instagram oder du schreibst mir direkt hier \u00fcber meine Webseite eine Anfrage. Anschlie\u00dfend treffen wir uns im Laden um deine Idee zu besprechen. Wenn du von weiter weg kommst, k\u00f6nnen wir auch einen Videocall vereinbaren. So k\u00f6nnen wir am besten direkt \u00fcber deine Vorstellungen und alle Details reden. Zudem brauche ich immer eine Anzahlung auf jeden Termin, der ausgemacht wird.<\/p>\n<p>[\/vc_toggle][vc_toggle title=&#8220;Machst du auch Maoris?&#8220;]Tats\u00e4chlich gibt es einige Motive, die ich nicht mehr steche. Obwohl ich gerne mal aus meiner comfort zone komme und auch ein Fan von Stilbr\u00fcchen bin, mache ich eher keine Tattoos wie Maoris, keine geometrischen Gro\u00dfprojekte oder Mandalas.<\/p>\n<p>Ich w\u00fcrde generell jedem Kunden, der sich ein Tattoo w\u00fcnscht, raten, sich vorher gut zu informieren und vom T\u00e4towierer nur Arbeiten erwarten, die er auch gerne macht. Ein Blick in mein <a href=\"https:\/\/honey-scarheart.com\/?page_id=604\">Portfolio<\/a> sollte jedem einen Eindruck von dem vermitteln, was ich gerne mache und auch gut kann. Solltest du dir unsicher sein, kannst du nat\u00fcrlich trotzdem gerne nachfragen.<\/p>\n<p>Es ist hilfreich seinen T\u00e4towierer wie einen K\u00fcnstler zu betrachten. M\u00f6chte man ein kubistisches Bild von <a href=\"https:\/\/www.google.com\/search?q=picasso\" target=\"_blank\" rel=\"noopener noreferrer\">Picasso<\/a> an seiner Wand haben, fr\u00e4gt man auch nicht <a href=\"https:\/\/www.google.com\/search?q=banksy\" target=\"_blank\" rel=\"noopener noreferrer\">Banksy<\/a> danach es anzufertigen.[\/vc_toggle][vc_toggle title=&#8220;Wie funktioniert das mit dem Entwurf f\u00fcr mein Tattoo?&#8220;]Nat\u00fcrlich bekommt jeder Kunde ein eigens f\u00fcr Ihn entworfenes Motiv.\n<\/p>\n<p>Bei unserem Beratungstermin, schreibe ich mir alles auf, was wir besprochen haben um dir daraufhin dein ganz pers\u00f6nliches Tattoo anzufertigen. Die entstandene Vorlage besprechen wir zusammen an deinem Tattootermin und k\u00f6nnen dann, selbstverst\u00e4ndlich auch \u00c4nderungen vornehmen.[\/vc_toggle][vc_toggle title=&#8220;Wie pflege ich mein Tattoo?&#8220;]Bei gro\u00dfen, farbintensiven Projekten nehme ich am liebsten Tattooarmour. Die Auflage-Pads absorbieren die Wundfl\u00fcssigkeit, die in den n\u00e4chsten 1-2 Tagen aus deinem Tattoo austreten wird, mit Hilfe eines Zellstoffes. <\/p>\n<p\/>\n<p>In der Regel gebe ich dir 1-2 dieser Pads mit, damit du diese eigenst\u00e4ndig wechseln kannst. Die erste Tattooarmour, die Du direkt nach deiner Sitzung von mir aufgeklebt bekommst, l\u00e4sst du am besten \u00fcber Nacht drauf. Somit ist nicht nur dein Tattoo vor Fusseln und Dreck gesch\u00fctzt, sondern auch deine Bettw\u00e4sche vor Wundwasser und Farbe. <\/p>\n<p>Am n\u00e4chsten Morgen nimmst du das Pad ab und w\u00e4scht dein Tattoo mit lauwarmen Wasser und etwas ph-neutraler Seife. Du kannst auch duschen gehen, allerdings nicht zu lange und nicht zu heiss, damit dein Tattoo nicht weiter aufweicht. Danach empfiehlt es sich das Ganze, mit der Creme deiner Wahl, einzucremen. Direkt im Anschluss benutzt du tags\u00fcber ein neues Pad und tasucht es vor dem zu Bett gehen noch einmal gegen ein frisches aus. <\/p>\n<p>Farbintensive Tattoos solltest du nicht zu oft eincremen und lieber etwas trockener abheilen lassen.[\/vc_toggle][vc_toggle title=&#8220;Wie kann ich meinen Termin absagen?&#8220;]Solltest du einen Termin mal absagen oder verschieben m\u00fcssen, ist es wichtig mir mindestens 72 Stunden vorher Bescheid zu geben, damit deine Anzahlung nicht verf\u00e4llt. Um sicherzustellen dass ich die Nachricht deiner Absage schnell erhalte, rufe am besten direkt im Studio an ( <a href=\"tel:089 23548544\"><i class=\"fas fa-phone\"><\/i> 089 23548544<\/a> ). Solltest du also innerhalb dieser Frist absagen, ist das gar kein Problem und wir k\u00f6nnen einen neuen Termin aussuchen ohne dass deine Anzahlung verloren geht. Die Anzahlung dient bei Nichteinhaltung der Frist als Aufwandsentsch\u00e4digung f\u00fcr bereits geleistete Arbeit (z.B. Schriftverkehr, Beratung, Recherche, Aufzeichentermine und Erstellung der Vorlage).[\/vc_toggle][vc_toggle title=&#8220;Kann ich ein Wanna do von dir haben?&#8220;]<\/p>\n<p>Immer wieder poste ich Wanna do&#8217;s, also Bilder die ich gerne umsetzen m\u00f6chte, auf meinen Social Media Kan\u00e4len. Sollte dir eines davon gefallen ist es wichtig mir so schnell wie m\u00f6glich per Nachricht Bescheid zu geben, damit ich es direkt f\u00fcr dich reservieren kann. Ich reserviere ein Wanna do nur, wenn wir innerhalb der n\u00e4chsten Tage einen Stechtermin vereinbaren. Die Wanna do&#8217;s k\u00f6nnen bei Bedarf auch geringf\u00fcgig angepasst werden.[\/vc_toggle][vc_toggle title=&#8220;Was kostet der Spa\u00df?&#8220;]Der Preis eines Tattoos ist abh\u00e4ngig von einer Menge unterschiedlicher Faktoren, weswegen ich es bevorzuge dir diesbez\u00fcglich pers\u00f6nlich Auskunft zu geben. Solch Faktoren sind zum Beispiel die Gr\u00f6\u00dfe, Stelle und Ausf\u00fchrung des Tattoos. Au\u00dferdem berechne ich nicht nach allgemein g\u00fcltigen Stundenpreisen sondern nach Aufwand.<\/p>\n<p>Schicke mir gerne eine E-Mail mit genauen Vorstellungen, genauen Gr\u00f6\u00dfenangaben, Beispiel-Bildern und am besten auch gleich mit einem Foto der Stelle, um die es bei dir geht, dann l\u00e4sst sich in der Regel schon ein Kostenvoranschlag erahnen.<br \/>\n[\/vc_toggle][\/vc_column_text][\/vc_column][\/vc_row][\/vc_section]<\/p>\n","protected":false},"excerpt":{"rendered":"<p>[vc_section][vc_row full_width=&#8220;stretch_row&#8220; full_height=&#8220;yes&#8220; columns_placement=&#8220;bottom&#8220; css=&#8220;.vc_custom_1601917055863{background-size: cover; background-position: top; max-height: 100vh}&#8220;][vc_column width=&#8220;5\/6&#8243; offset=&#8220;vc_col-lg-offset-1 vc_col-lg-10 vc_col-md-offset-2 vc_col-md-10 vc_col-sm-offset-2 vc_col-xs-offset-2 vc_col-xs-10&#8243; el_class=&#8220;faqbox&#8220;] FAQ [vc_separator][vc_column_text][vc_toggle title=&#8220;Wie mache ich einen Termin aus ?&#8220;]Am Besten vereinbaren wir erstmal ein Vorgespr\u00e4ch via E-Mail unter (tattoo@honey-scarheart.com), per DM auf Instagram oder du schreibst mir direkt hier \u00fcber meine Webseite eine Anfrage. Anschlie\u00dfend treffen [&hellip;]<\/p>\n","protected":false},"author":1,"featured_media":0,"parent":0,"menu_order":0,"comment_status":"closed","ping_status":"closed","template":"","meta":{"footnotes":""},"_links":{"self":[{"href":"https:\/\/honey-scarheart.com\/index.php?rest_route=\/wp\/v2\/pages\/639"}],"collection":[{"href":"https:\/\/honey-scarheart.com\/index.php?rest_route=\/wp\/v2\/pages"}],"about":[{"href":"https:\/\/honey-scarheart.com\/index.php?rest_route=\/wp\/v2\/types\/page"}],"author":[{"embeddable":true,"href":"https:\/\/honey-scarheart.com\/index.php?rest_route=\/wp\/v2\/users\/1"}],"replies":[{"embeddable":true,"href":"https:\/\/honey-scarheart.com\/index.php?rest_route=%2Fwp%2Fv2%2Fcomments&post=639"}],"version-history":[{"count":67,"href":"https:\/\/honey-scarheart.com\/index.php?rest_route=\/wp\/v2\/pages\/639\/revisions"}],"predecessor-version":[{"id":1719,"href":"https:\/\/honey-scarheart.com\/index.php?rest_route=\/wp\/v2\/pages\/639\/revisions\/1719"}],"wp:attachment":[{"href":"https:\/\/honey-scarheart.com\/index.php?rest_route=%2Fwp%2Fv2%2Fmedia&parent=639"}],"curies":[{"name":"wp","href":"https:\/\/api.w.org\/{rel}","templated":true}]}}