{"id":640,"date":"2020-10-13T18:52:01","date_gmt":"2020-10-13T18:52:01","guid":{"rendered":"https:\/\/honey-scarheart.com\/?page_id=640"},"modified":"2026-02-24T15:39:23","modified_gmt":"2026-02-24T15:39:23","slug":"anfrage","status":"publish","type":"page","link":"https:\/\/honey-scarheart.com\/?page_id=640","title":{"rendered":"Anfrage"},"content":{"rendered":"<p>[vc_section][vc_row full_width=&#8220;stretch_row&#8220; full_height=&#8220;yes&#8220; columns_placement=&#8220;bottom&#8220; css=&#8220;.vc_custom_1601917055863{background-size: cover; background-position: top; max-height: 90vh}&#8220;][vc_column width=&#8220;5\/6&#8243; offset=&#8220;vc_col-lg-offset-1 vc_col-lg-10 vc_col-md-offset-2 vc_col-md-10 vc_col-sm-offset-2 vc_col-xs-offset-2 vc_col-xs-10&#8243; el_class=&#8220;contactbox&#8220;][vc_column_text]<\/p>\n<h1 style=\"text-align: center;\">ANFRAGE<\/h1>\n<p>[vc_separator]<\/p>\n<p>F\u00fcr eine Tattooanfrage nutze bitte das folgende Kontaktformular.<\/p>\n\n<div class=\"wpcf7 no-js\" id=\"wpcf7-f1571-o1\" lang=\"de-DE\" dir=\"ltr\">\n<div class=\"screen-reader-response\"><p role=\"status\" aria-live=\"polite\" aria-atomic=\"true\"><\/p> <ul><\/ul><\/div>\n<form action=\"\/index.php?rest_route=%2Fwp%2Fv2%2Fpages%2F640#wpcf7-f1571-o1\" method=\"post\" class=\"wpcf7-form init\" aria-label=\"Kontaktformular\" enctype=\"multipart\/form-data\" novalidate=\"novalidate\" data-status=\"init\">\n<div style=\"display: none;\">\n<input type=\"hidden\" name=\"_wpcf7\" value=\"1571\" \/>\n<input type=\"hidden\" name=\"_wpcf7_version\" value=\"5.9.3\" \/>\n<input type=\"hidden\" name=\"_wpcf7_locale\" value=\"de_DE\" \/>\n<input type=\"hidden\" name=\"_wpcf7_unit_tag\" value=\"wpcf7-f1571-o1\" \/>\n<input type=\"hidden\" name=\"_wpcf7_container_post\" value=\"0\" \/>\n<input type=\"hidden\" name=\"_wpcf7_posted_data_hash\" value=\"\" \/>\n<input type=\"hidden\" name=\"_wpcf7_recaptcha_response\" value=\"\" \/>\n<\/div>\n<p><label class=\"contactlabelfieldgroup\"><br \/>\n<label class=\"contactlabelfield1\">Dein Vor- und Nachname<br \/>\n<span class=\"wpcf7-form-control-wrap\" data-name=\"your-name\"><input size=\"40\" class=\"wpcf7-form-control wpcf7-text wpcf7-validates-as-required namefield\" aria-required=\"true\" aria-invalid=\"false\" value=\"\" type=\"text\" name=\"your-name\" \/><\/span> <\/label><br \/>\n<label class=\"contactlabelfield2\">Deine E-Mail-Adresse<br \/>\n<span class=\"wpcf7-form-control-wrap\" data-name=\"your-email\"><input size=\"40\" class=\"wpcf7-form-control wpcf7-email wpcf7-validates-as-required wpcf7-text wpcf7-validates-as-email emailfield\" aria-required=\"true\" aria-invalid=\"false\" value=\"\" type=\"email\" name=\"your-email\" \/><\/span><\/label><br \/>\n<\/label>\n<\/p>\n<p><label> Deine Tattooidee<br \/>\n<span class=\"wpcf7-form-control-wrap\" data-name=\"your-message\"><textarea cols=\"40\" rows=\"10\" class=\"wpcf7-form-control wpcf7-textarea wpcf7-validates-as-required\" aria-required=\"true\" aria-invalid=\"false\" placeholder=\"Beschreibe deine Tattooidee bitte m\u00f6glichst genau\" name=\"your-message\"><\/textarea><\/span> <\/label>\n<\/p>\n<p><label>Lade bis zu drei Referenzbilder hoch<\/label><br \/>\n<span class=\"wpcf7-form-control-wrap\" data-name=\"Referenzbild1\"><input size=\"40\" class=\"wpcf7-form-control wpcf7-file refimg\" accept=\"audio\/*,video\/*,image\/*\" aria-invalid=\"false\" type=\"file\" name=\"Referenzbild1\" \/><\/span><span class=\"wpcf7-form-control-wrap\" data-name=\"Referenzbild2\"><input size=\"40\" class=\"wpcf7-form-control wpcf7-file refimg\" accept=\"audio\/*,video\/*,image\/*\" aria-invalid=\"false\" type=\"file\" name=\"Referenzbild2\" \/><\/span><span class=\"wpcf7-form-control-wrap\" data-name=\"Referenzbild3\"><input size=\"40\" class=\"wpcf7-form-control wpcf7-file refimg\" accept=\"audio\/*,video\/*,image\/*\" aria-invalid=\"false\" type=\"file\" name=\"Referenzbild3\" \/><\/span>\n<\/p>\n<p><label>Lade bis zu drei Fotos von der gew\u00fcnschten K\u00f6rperstelle hoch<\/label><br \/>\n<span class=\"wpcf7-form-control-wrap\" data-name=\"part1\"><input size=\"40\" class=\"wpcf7-form-control wpcf7-file bodyimg\" accept=\"audio\/*,video\/*,image\/*\" aria-invalid=\"false\" type=\"file\" name=\"part1\" \/><\/span><span class=\"wpcf7-form-control-wrap\" data-name=\"part2\"><input size=\"40\" class=\"wpcf7-form-control wpcf7-file bodyimg\" accept=\"audio\/*,video\/*,image\/*\" aria-invalid=\"false\" type=\"file\" name=\"part2\" \/><\/span><span class=\"wpcf7-form-control-wrap\" data-name=\"part3\"><input size=\"40\" class=\"wpcf7-form-control wpcf7-file bodyimg\" accept=\"audio\/*,video\/*,image\/*\" aria-invalid=\"false\" type=\"file\" name=\"part3\" \/><\/span>\n<\/p>\n<p><label>F\u00fcr ein Beratungsgespr\u00e4ch habe ich in der Regel Zeit am<\/label><br \/>\n<span class=\"wpcf7-form-control-wrap\" data-name=\"days\"><span class=\"wpcf7-form-control wpcf7-checkbox contactdays\"><span class=\"wpcf7-list-item first\"><input type=\"checkbox\" name=\"days[]\" value=\"Di.\" \/><span class=\"wpcf7-list-item-label\">Di.<\/span><\/span><span class=\"wpcf7-list-item\"><input type=\"checkbox\" name=\"days[]\" value=\"Mi.\" \/><span class=\"wpcf7-list-item-label\">Mi.<\/span><\/span><span class=\"wpcf7-list-item\"><input type=\"checkbox\" name=\"days[]\" value=\"Do.\" \/><span class=\"wpcf7-list-item-label\">Do.<\/span><\/span><span class=\"wpcf7-list-item last\"><input type=\"checkbox\" name=\"days[]\" value=\"Fr.\" \/><span class=\"wpcf7-list-item-label\">Fr.<\/span><\/span><\/span><\/span><br \/>\n<label class=\"contacttime\"><br \/>\n<span class=\"wpcf7-form-control-wrap\" data-name=\"time\"><select class=\"wpcf7-form-control wpcf7-select\" aria-invalid=\"false\" name=\"time\"><option value=\"Mittags\">Mittags<\/option><option value=\"Nachmittags\">Nachmittags<\/option><option value=\"Abends\" selected=\"selected\">Abends<\/option><\/select><\/span><\/label>\n<\/p>\n<p><label>W\u00e4hle aus wo du t\u00e4towiert werden m\u00f6chtest<\/label>\n<\/p>\n<p><label class=\"contacttime\"><br \/>\n<span class=\"wpcf7-form-control-wrap\" data-name=\"time\"><select class=\"wpcf7-form-control wpcf7-select\" aria-invalid=\"false\" name=\"time\"><option value=\"Studio\">Studio<\/option><option value=\"Convention\">Convention<\/option><\/select><\/span><\/label>\n<\/p>\n<p><label>Mit dem Absenden meiner Anfrage erkl\u00e4re ich mich mit der Verarbeitung meiner Daten einverstanden (<a href=\"https:\/\/honey-scarheart.com\/?page_id=1609\">Datenschutz<\/a>)<\/label><br \/>\n<input class=\"wpcf7-form-control wpcf7-submit has-spinner\" type=\"submit\" value=\"Senden\" \/>\n<\/p><div class=\"wpcf7-response-output\" aria-hidden=\"true\"><\/div>\n<\/form>\n<\/div>\n\n<p>Ansonsten erreichst du mich per E-Mail:<\/p>\n<p style=\"text-align: center;\"><i class=\"far fa-envelope\"><\/i> <a href=\"mailto:tattoo@honey-scarheart.com\" target=\"_blank\" rel=\"noopener noreferrer\">tattoo@honey-scarheart.com<\/a><br \/>\n[\/vc_column_text][vc_column_text][vc_separator]<\/p>\n<p style=\"text-align: left;\">Aktuell findet ihr mich im <a href=\"http:\/\/mori-occultum.com\/ target=\" rel=\"noopener noreferrer\">Mori Occultum<\/a><br \/>\n<i class=\"fas fa-phone\"><\/i> <a href=\"tel:089 23548544\">089 23548544<\/a><br \/>\nGuldeinstra\u00dfe 36<br \/>\n80339 M\u00fcnchen<\/p>\n<p>[\/vc_column_text][vc_gmaps link=&#8220;#E-8_JTNDaWZyYW1lJTIwc3JjJTNEJTIyaHR0cHMlM0ElMkYlMkZ3d3cuZ29vZ2xlLmNvbSUyRm1hcHMlMkZlbWJlZCUzRnBiJTNEJTIxMW0xOCUyMTFtMTIlMjExbTMlMjExZDI2NjIuNTEyMjg0NjY4NjA2OCUyMTJkMTEuNTI5NjcxMTE1ODM0Njg1JTIxM2Q0OC4xMzg5MjgxNTkwNDU1NyUyMTJtMyUyMTFmMCUyMTJmMCUyMTNmMCUyMTNtMiUyMTFpMTAyNCUyMTJpNzY4JTIxNGYxMy4xJTIxM20zJTIxMW0yJTIxMXMweDQ3OWU3NjA4MDA0YTYyNjklMjUzQTB4Mjc2OGI1ODQzOTQzMTcyZSUyMTJzTW9yaSUyNTIwT2NjdWx0dW0lMjE1ZTAlMjEzbTIlMjExc2VuJTIxMnNkZSUyMTR2MTYyNzY1MzgwMDQ5MCUyMTVtMiUyMTFzZW4lMjEyc2RlJTIyJTIwd2lkdGglM0QlMjI2MDAlMjIlMjBoZWlnaHQlM0QlMjI0NTAlMjIlMjBzdHlsZSUzRCUyMmJvcmRlciUzQTAlM0IlMjIlMjBhbGxvd2Z1bGxzY3JlZW4lM0QlMjIlMjIlMjBsb2FkaW5nJTNEJTIybGF6eSUyMiUzRSUzQyUyRmlmcmFtZSUzRQ==&#8220;][vc_column_text]<\/p>\n<h1 style=\"font-size: 16px;\">Angaben gem\u00e4\u00df \u00a7 5 TMG:<\/h1>\n<p>[vc_separator]<\/p>\n<p style=\"text-align: left; font-size: 12px;\">Anne Lina Toth<br \/>\nGuldeinstra\u00dfe 36<br \/>\n80339\u00a0 M\u00fcnchen<\/p>\n<p style=\"text-align: left; font-size: 12px;\">E-Mail: tattoo@honey-scarheart.com<\/p>\n<p style=\"text-align: left; font-size: 12px;\">USt &#8211; IdNr: DE300435806<\/p>\n<p style=\"text-align: left; font-size: 12px;\">Verantwortlich f\u00fcr den Inhalt nach \u00a7 55 Abs. 2 RStV:<br \/>\nAnne Lina Toth<\/p>\n<p>[\/vc_column_text][\/vc_column][\/vc_row][\/vc_section]<\/p>\n","protected":false},"excerpt":{"rendered":"<p>[vc_section][vc_row full_width=&#8220;stretch_row&#8220; full_height=&#8220;yes&#8220; columns_placement=&#8220;bottom&#8220; css=&#8220;.vc_custom_1601917055863{background-size: cover; background-position: top; max-height: 90vh}&#8220;][vc_column width=&#8220;5\/6&#8243; offset=&#8220;vc_col-lg-offset-1 vc_col-lg-10 vc_col-md-offset-2 vc_col-md-10 vc_col-sm-offset-2 vc_col-xs-offset-2 vc_col-xs-10&#8243; el_class=&#8220;contactbox&#8220;][vc_column_text] ANFRAGE [vc_separator] F\u00fcr eine Tattooanfrage nutze bitte das folgende Kontaktformular. Ansonsten erreichst du mich per E-Mail: tattoo@honey-scarheart.com [\/vc_column_text][vc_column_text][vc_separator] Aktuell findet ihr mich im Mori Occultum 089 23548544 Guldeinstra\u00dfe 36 80339 M\u00fcnchen [\/vc_column_text][vc_gmaps link=&#8220;#E-8_JTNDaWZyYW1lJTIwc3JjJTNEJTIyaHR0cHMlM0ElMkYlMkZ3d3cuZ29vZ2xlLmNvbSUyRm1hcHMlMkZlbWJlZCUzRnBiJTNEJTIxMW0xOCUyMTFtMTIlMjExbTMlMjExZDI2NjIuNTEyMjg0NjY4NjA2OCUyMTJkMTEuNTI5NjcxMTE1ODM0Njg1JTIxM2Q0OC4xMzg5MjgxNTkwNDU1NyUyMTJtMyUyMTFmMCUyMTJmMCUyMTNmMCUyMTNtMiUyMTFpMTAyNCUyMTJpNzY4JTIxNGYxMy4xJTIxM20zJTIxMW0yJTIxMXMweDQ3OWU3NjA4MDA0YTYyNjklMjUzQTB4Mjc2OGI1ODQzOTQzMTcyZSUyMTJzTW9yaSUyNTIwT2NjdWx0dW0lMjE1ZTAlMjEzbTIlMjExc2VuJTIxMnNkZSUyMTR2MTYyNzY1MzgwMDQ5MCUyMTVtMiUyMTFzZW4lMjEyc2RlJTIyJTIwd2lkdGglM0QlMjI2MDAlMjIlMjBoZWlnaHQlM0QlMjI0NTAlMjIlMjBzdHlsZSUzRCUyMmJvcmRlciUzQTAlM0IlMjIlMjBhbGxvd2Z1bGxzY3JlZW4lM0QlMjIlMjIlMjBsb2FkaW5nJTNEJTIybGF6eSUyMiUzRSUzQyUyRmlmcmFtZSUzRQ==&#8220;][vc_column_text] Angaben gem\u00e4\u00df \u00a7 [&hellip;]<\/p>\n","protected":false},"author":1,"featured_media":0,"parent":0,"menu_order":0,"comment_status":"closed","ping_status":"closed","template":"","meta":{"footnotes":""},"_links":{"self":[{"href":"https:\/\/honey-scarheart.com\/index.php?rest_route=\/wp\/v2\/pages\/640"}],"collection":[{"href":"https:\/\/honey-scarheart.com\/index.php?rest_route=\/wp\/v2\/pages"}],"about":[{"href":"https:\/\/honey-scarheart.com\/index.php?rest_route=\/wp\/v2\/types\/page"}],"author":[{"embeddable":true,"href":"https:\/\/honey-scarheart.com\/index.php?rest_route=\/wp\/v2\/users\/1"}],"replies":[{"embeddable":true,"href":"https:\/\/honey-scarheart.com\/index.php?rest_route=%2Fwp%2Fv2%2Fcomments&post=640"}],"version-history":[{"count":56,"href":"https:\/\/honey-scarheart.com\/index.php?rest_route=\/wp\/v2\/pages\/640\/revisions"}],"predecessor-version":[{"id":1659,"href":"https:\/\/honey-scarheart.com\/index.php?rest_route=\/wp\/v2\/pages\/640\/revisions\/1659"}],"wp:attachment":[{"href":"https:\/\/honey-scarheart.com\/index.php?rest_route=%2Fwp%2Fv2%2Fmedia&parent=640"}],"curies":[{"name":"wp","href":"https:\/\/api.w.org\/{rel}","templated":true}]}}